{"id":941,"date":"2023-01-30T11:22:04","date_gmt":"2023-01-30T10:22:04","guid":{"rendered":"https:\/\/sanuvazo.cyon.site\/contact\/"},"modified":"2024-04-01T18:49:56","modified_gmt":"2024-04-01T16:49:56","slug":"contact","status":"publish","type":"page","link":"https:\/\/lorenzhess.ch\/fr\/contact\/","title":{"rendered":"Contact"},"content":{"rendered":"\n<style type=\"text\/css\" data-created_by=\"avia_inline_auto\" id=\"style-css-av-lcorh01m-7a7b1fd127a3ce0b55661046b0541152\">\n.avia-section.av-lcorh01m-7a7b1fd127a3ce0b55661046b0541152{\nbackground-color:#014b7c;\nbackground-image:unset;\n}\n<\/style>\n<div id='av_section_1'  class='avia-section av-lcorh01m-7a7b1fd127a3ce0b55661046b0541152 main_color avia-section-no-padding avia-no-border-styling  avia-builder-el-0  el_before_av_section  avia-builder-el-first  av-small-hide av-mini-hide avia-bg-style-parallax container_wrap sidebar_right'  ><div class='container av-section-cont-open' ><main  role=\"main\" itemprop=\"mainContentOfPage\"  class='template-page content  av-content-small alpha units'><div class='post-entry post-entry-type-page post-entry-941'><div class='entry-content-wrapper clearfix'>\n\n<style type=\"text\/css\" data-created_by=\"avia_inline_auto\" id=\"style-css-av-lcqkikpr-bb7207127d71280709679dea34745baf\">\n.flex_column.av-lcqkikpr-bb7207127d71280709679dea34745baf{\npadding:0 0 0 150px;\n}\n<\/style>\n<div class='flex_column av-lcqkikpr-bb7207127d71280709679dea34745baf av_one_full  avia-builder-el-1  avia-builder-el-no-sibling  first flex_column_div '     ><p>\n<style type=\"text\/css\" data-created_by=\"avia_inline_auto\" id=\"style-css-av-lcqkrem6-e498a5cfe21ac845fbc5d5a4d08aaba6\">\n#top .hr.hr-invisible.av-lcqkrem6-e498a5cfe21ac845fbc5d5a4d08aaba6{\nheight:50px;\n}\n<\/style>\n<div  class='hr av-lcqkrem6-e498a5cfe21ac845fbc5d5a4d08aaba6 hr-invisible  avia-builder-el-2  el_before_av_textblock  avia-builder-el-first '><span class='hr-inner '><span class=\"hr-inner-style\"><\/span><\/span><\/div><br \/>\n<section  class='av_textblock_section av-lcqkhn6h-21df63bd2e59963846011d4d0de104e8'  itemscope=\"itemscope\" itemtype=\"https:\/\/schema.org\/CreativeWork\" ><div class='avia_textblock'  itemprop=\"text\" ><h1>Contact<\/h1>\n<\/div><\/section><br \/>\n<section  class='av_textblock_section av-lckmwvg8-1dc09d4a93bbaa077bcbae50722aca72'  itemscope=\"itemscope\" itemtype=\"https:\/\/schema.org\/CreativeWork\" ><div class='avia_textblock'  itemprop=\"text\" ><p>Je me r\u00e9jouis d&rsquo;avoir de vos nouvelles &#8211; via le formulaire ci-dessous ou par e-mail.<\/p>\n<p>Je r\u00e9pondrai \u00e0 votre message dans les plus brefs d\u00e9lais. Si cela me prend quelques jours, je vous remercie d&rsquo;avance de votre patience.<\/p>\n<\/div><\/section><br \/>\n\n<style type=\"text\/css\" data-created_by=\"avia_inline_auto\" id=\"style-css-av-ldio5kfy-d1b7ae313c7b7bcfc237b84ec2445e5f\">\n#top .hr.hr-invisible.av-ldio5kfy-d1b7ae313c7b7bcfc237b84ec2445e5f{\nheight:30px;\n}\n<\/style>\n<div  class='hr av-ldio5kfy-d1b7ae313c7b7bcfc237b84ec2445e5f hr-invisible  avia-builder-el-5  el_after_av_textblock  el_before_av_textblock '><span class='hr-inner '><span class=\"hr-inner-style\"><\/span><\/span><\/div><br \/>\n<section  class='av_textblock_section av-ldio4yo9-83cb739eb8d7981d23c2752d48a58ec6'  itemscope=\"itemscope\" itemtype=\"https:\/\/schema.org\/CreativeWork\" ><div class='avia_textblock'  itemprop=\"text\" ><p>Lorenz Hess<br \/>\nConseiller national Le Centre, Canton de Berne<br \/>\n<a href=\"mailto:info@lorenzhess.ch\" target=\"_blank\" rel=\"noopener\">info@lorenzhess.ch<\/a><\/p>\n<\/div><\/section><br \/>\n\n<style type=\"text\/css\" data-created_by=\"avia_inline_auto\" id=\"style-css-av-ld3b55d8-eb8c09670bb1fb1d2591e28d449bc997\">\n#top .hr.hr-invisible.av-ld3b55d8-eb8c09670bb1fb1d2591e28d449bc997{\nheight:50px;\n}\n<\/style>\n<div  class='hr av-ld3b55d8-eb8c09670bb1fb1d2591e28d449bc997 hr-invisible  avia-builder-el-7  el_after_av_textblock  el_before_av_textblock '><span class='hr-inner '><span class=\"hr-inner-style\"><\/span><\/span><\/div><br \/>\n<section  class='av_textblock_section av-ld3azway-aee6198cd87d86c5e57cef215bb57f24'  itemscope=\"itemscope\" itemtype=\"https:\/\/schema.org\/CreativeWork\" ><div class='avia_textblock'  itemprop=\"text\" >\n<div class=\"wpcf7 no-js\" id=\"wpcf7-f1002-o1\" lang=\"fr-FR\" dir=\"ltr\" data-wpcf7-id=\"1002\">\n<div class=\"screen-reader-response\"><p role=\"status\" aria-live=\"polite\" aria-atomic=\"true\"><\/p> <ul><\/ul><\/div>\n<form action=\"\/fr\/wp-json\/wp\/v2\/pages\/941#wpcf7-f1002-o1\" method=\"post\" class=\"wpcf7-form init\" aria-label=\"Formulaire de contact\" novalidate=\"novalidate\" data-status=\"init\">\n<fieldset class=\"hidden-fields-container\"><input type=\"hidden\" name=\"_wpcf7\" value=\"1002\" \/><input type=\"hidden\" name=\"_wpcf7_version\" value=\"6.1.5\" \/><input type=\"hidden\" name=\"_wpcf7_locale\" value=\"fr_FR\" \/><input type=\"hidden\" name=\"_wpcf7_unit_tag\" value=\"wpcf7-f1002-o1\" \/><input type=\"hidden\" name=\"_wpcf7_container_post\" value=\"0\" \/><input type=\"hidden\" name=\"_wpcf7_posted_data_hash\" value=\"\" \/><input type=\"hidden\" name=\"_wpcf7_recaptcha_response\" value=\"\" \/>\n<\/fieldset>\n<p><label> Pr\u00e9nom*<br \/>\n<span class=\"wpcf7-form-control-wrap\" data-name=\"prenom\"><input size=\"40\" maxlength=\"400\" class=\"wpcf7-form-control wpcf7-text wpcf7-validates-as-required\" aria-required=\"true\" aria-invalid=\"false\" value=\"\" type=\"text\" name=\"prenom\" \/><\/span> <\/label>\n<\/p>\n<p><label> Nom*<br \/>\n<span class=\"wpcf7-form-control-wrap\" data-name=\"nom\"><input size=\"40\" maxlength=\"400\" class=\"wpcf7-form-control wpcf7-text wpcf7-validates-as-required\" aria-required=\"true\" aria-invalid=\"false\" value=\"\" type=\"text\" name=\"nom\" \/><\/span> <\/label>\n<\/p>\n<p><label> Entreprise<br \/>\n<span class=\"wpcf7-form-control-wrap\" data-name=\"entreprise\"><input size=\"40\" maxlength=\"400\" class=\"wpcf7-form-control wpcf7-text\" aria-invalid=\"false\" value=\"\" type=\"text\" name=\"entreprise\" \/><\/span> <\/label>\n<\/p>\n<p><label> e-mail*<br \/>\n<span class=\"wpcf7-form-control-wrap\" data-name=\"your-email\"><input size=\"40\" maxlength=\"400\" class=\"wpcf7-form-control wpcf7-email wpcf7-validates-as-required wpcf7-text wpcf7-validates-as-email\" aria-required=\"true\" aria-invalid=\"false\" value=\"\" type=\"email\" name=\"your-email\" \/><\/span> <\/label>\n<\/p>\n<p><label> Votre message*<br \/>\n<span class=\"wpcf7-form-control-wrap\" data-name=\"message\"><textarea cols=\"40\" rows=\"10\" maxlength=\"2000\" class=\"wpcf7-form-control wpcf7-textarea wpcf7-validates-as-required\" aria-required=\"true\" aria-invalid=\"false\" name=\"message\"><\/textarea><\/span> <\/label>\n<\/p>\n<p><input class=\"wpcf7-form-control wpcf7-submit has-spinner\" type=\"submit\" value=\"Envoyer\" \/>\n<\/p><div class=\"wpcf7-response-output\" aria-hidden=\"true\"><\/div>\n<\/form>\n<\/div>\n\n<\/div><\/section><br \/>\n\n<style type=\"text\/css\" data-created_by=\"avia_inline_auto\" id=\"style-css-av-lfmdeckp-97467bbe117cbe0907e3e1ef29370b23\">\n#top .av_textblock_section.av-lfmdeckp-97467bbe117cbe0907e3e1ef29370b23 .avia_textblock{\nfont-size:10px;\n}\n<\/style>\n<section  class='av_textblock_section av-lfmdeckp-97467bbe117cbe0907e3e1ef29370b23'  itemscope=\"itemscope\" itemtype=\"https:\/\/schema.org\/CreativeWork\" ><div class='avia_textblock'  itemprop=\"text\" ><p>Ce site est prot\u00e9g\u00e9 par reCAPTCHA et les <a href=\"https:\/\/policies.google.com\/privacy\" target=\"_blank\" rel=\"noopener\">r\u00e8gles de confidentialit\u00e9<\/a> et <a href=\"https:\/\/policies.google.com\/terms\" target=\"_blank\" rel=\"noopener\">conditions d&rsquo;utilisation<\/a> de Google s&rsquo;appliquent.<\/p>\n<\/div><\/section><\/p><\/div><\/div><\/div><\/main><!-- close content main element --><\/div><\/div>\n<style type=\"text\/css\" data-created_by=\"avia_inline_auto\" id=\"style-css-av-lditntjo-d5644933608578f62d7f2133b3ef6d70\">\n.avia-section.av-lditntjo-d5644933608578f62d7f2133b3ef6d70{\nbackground-color:#014b7c;\nbackground-image:unset;\n}\n<\/style>\n<div id='av_section_2'  class='avia-section av-lditntjo-d5644933608578f62d7f2133b3ef6d70 main_color avia-section-no-padding avia-no-border-styling  avia-builder-el-10  el_after_av_section  avia-builder-el-last  av-desktop-hide av-medium-hide avia-bg-style-parallax container_wrap sidebar_right'  ><div class='container av-section-cont-open' ><div class='template-page content  av-content-small alpha units'><div class='post-entry post-entry-type-page post-entry-941'><div class='entry-content-wrapper clearfix'>\n\n<style type=\"text\/css\" data-created_by=\"avia_inline_auto\" id=\"style-css-av-1cb1ec-18c806160b7fb868d3d343b7858cb7b6\">\n.flex_column.av-1cb1ec-18c806160b7fb868d3d343b7858cb7b6{\npadding:0 0 0 0;\n}\n<\/style>\n<div class='flex_column av-1cb1ec-18c806160b7fb868d3d343b7858cb7b6 av_one_full  avia-builder-el-11  avia-builder-el-no-sibling  first flex_column_div '     ><p>\n<style type=\"text\/css\" data-created_by=\"avia_inline_auto\" id=\"style-css-av-1ahh24-0baeb613c0f4e03f8ca977e7aff9eb70\">\n#top .hr.hr-invisible.av-1ahh24-0baeb613c0f4e03f8ca977e7aff9eb70{\nheight:50px;\n}\n<\/style>\n<div  class='hr av-1ahh24-0baeb613c0f4e03f8ca977e7aff9eb70 hr-invisible  avia-builder-el-12  el_before_av_textblock  avia-builder-el-first '><span class='hr-inner '><span class=\"hr-inner-style\"><\/span><\/span><\/div><br \/>\n<section  class='av_textblock_section av-10sxzo-c64ff4b3981cb2c4b498a1ab2cd61705'  itemscope=\"itemscope\" itemtype=\"https:\/\/schema.org\/CreativeWork\" ><div class='avia_textblock'  itemprop=\"text\" ><h1>Contact<\/h1>\n<\/div><\/section><br \/>\n<section  class='av_textblock_section av-vmux0-b0e930fbef01cf8bf47097b6b034ea17'  itemscope=\"itemscope\" itemtype=\"https:\/\/schema.org\/CreativeWork\" ><div class='avia_textblock'  itemprop=\"text\" ><p>Je me r\u00e9jouis d&rsquo;avoir de vos nouvelles &#8211; via le formulaire ci-dessous ou par e-mail. Je r\u00e9pondrai \u00e0 votre message dans les plus brefs d\u00e9lais. Si cela me prend quelques jours, je vous remercie d&rsquo;avance de votre patience.<\/p>\n<\/div><\/section><br \/>\n\n<style type=\"text\/css\" data-created_by=\"avia_inline_auto\" id=\"style-css-av-q0f3w-e0a4f9546cdeed1cd5ae66baeb855e79\">\n#top .hr.hr-invisible.av-q0f3w-e0a4f9546cdeed1cd5ae66baeb855e79{\nheight:30px;\n}\n<\/style>\n<div  class='hr av-q0f3w-e0a4f9546cdeed1cd5ae66baeb855e79 hr-invisible  avia-builder-el-15  el_after_av_textblock  el_before_av_textblock '><span class='hr-inner '><span class=\"hr-inner-style\"><\/span><\/span><\/div><br \/>\n<section  class='av_textblock_section av-n4hlg-90c80824562973a721eb0a66de80f617'  itemscope=\"itemscope\" itemtype=\"https:\/\/schema.org\/CreativeWork\" ><div class='avia_textblock'  itemprop=\"text\" ><p>Lorenz Hess<br \/>\nConseiller national Le Centre, Canton de Berne<br \/>\n<a href=\"mailto:info@lorenzhess.ch\" target=\"_blank\" rel=\"noopener\">info@lorenzhess.ch<\/a><\/p>\n<\/div><\/section><br \/>\n\n<style type=\"text\/css\" data-created_by=\"avia_inline_auto\" id=\"style-css-av-fs990-56b192ff633ed4cb0761dd5f28cf1e4c\">\n#top .hr.hr-invisible.av-fs990-56b192ff633ed4cb0761dd5f28cf1e4c{\nheight:50px;\n}\n<\/style>\n<div  class='hr av-fs990-56b192ff633ed4cb0761dd5f28cf1e4c hr-invisible  avia-builder-el-17  el_after_av_textblock  el_before_av_textblock '><span class='hr-inner '><span class=\"hr-inner-style\"><\/span><\/span><\/div><br \/>\n<section  class='av_textblock_section av-bw94k-36ef70f44c4ca4d262b70bfcb0caf100'  itemscope=\"itemscope\" itemtype=\"https:\/\/schema.org\/CreativeWork\" ><div class='avia_textblock'  itemprop=\"text\" >\n<div class=\"wpcf7 no-js\" id=\"wpcf7-f1002-o2\" lang=\"fr-FR\" dir=\"ltr\" data-wpcf7-id=\"1002\">\n<div class=\"screen-reader-response\"><p role=\"status\" aria-live=\"polite\" aria-atomic=\"true\"><\/p> <ul><\/ul><\/div>\n<form action=\"\/fr\/wp-json\/wp\/v2\/pages\/941#wpcf7-f1002-o2\" method=\"post\" class=\"wpcf7-form init\" aria-label=\"Formulaire de contact\" novalidate=\"novalidate\" data-status=\"init\">\n<fieldset class=\"hidden-fields-container\"><input type=\"hidden\" name=\"_wpcf7\" value=\"1002\" \/><input type=\"hidden\" name=\"_wpcf7_version\" value=\"6.1.5\" \/><input type=\"hidden\" name=\"_wpcf7_locale\" value=\"fr_FR\" \/><input type=\"hidden\" name=\"_wpcf7_unit_tag\" value=\"wpcf7-f1002-o2\" \/><input type=\"hidden\" name=\"_wpcf7_container_post\" value=\"0\" \/><input type=\"hidden\" name=\"_wpcf7_posted_data_hash\" value=\"\" \/><input type=\"hidden\" name=\"_wpcf7_recaptcha_response\" value=\"\" \/>\n<\/fieldset>\n<p><label> Pr\u00e9nom*<br \/>\n<span class=\"wpcf7-form-control-wrap\" data-name=\"prenom\"><input size=\"40\" maxlength=\"400\" class=\"wpcf7-form-control wpcf7-text wpcf7-validates-as-required\" aria-required=\"true\" aria-invalid=\"false\" value=\"\" type=\"text\" name=\"prenom\" \/><\/span> <\/label>\n<\/p>\n<p><label> Nom*<br \/>\n<span class=\"wpcf7-form-control-wrap\" data-name=\"nom\"><input size=\"40\" maxlength=\"400\" class=\"wpcf7-form-control wpcf7-text wpcf7-validates-as-required\" aria-required=\"true\" aria-invalid=\"false\" value=\"\" type=\"text\" name=\"nom\" \/><\/span> <\/label>\n<\/p>\n<p><label> Entreprise<br \/>\n<span class=\"wpcf7-form-control-wrap\" data-name=\"entreprise\"><input size=\"40\" maxlength=\"400\" class=\"wpcf7-form-control wpcf7-text\" aria-invalid=\"false\" value=\"\" type=\"text\" name=\"entreprise\" \/><\/span> <\/label>\n<\/p>\n<p><label> e-mail*<br \/>\n<span class=\"wpcf7-form-control-wrap\" data-name=\"your-email\"><input size=\"40\" maxlength=\"400\" class=\"wpcf7-form-control wpcf7-email wpcf7-validates-as-required wpcf7-text wpcf7-validates-as-email\" aria-required=\"true\" aria-invalid=\"false\" value=\"\" type=\"email\" name=\"your-email\" \/><\/span> <\/label>\n<\/p>\n<p><label> Votre message*<br \/>\n<span class=\"wpcf7-form-control-wrap\" data-name=\"message\"><textarea cols=\"40\" rows=\"10\" maxlength=\"2000\" class=\"wpcf7-form-control wpcf7-textarea wpcf7-validates-as-required\" aria-required=\"true\" aria-invalid=\"false\" name=\"message\"><\/textarea><\/span> <\/label>\n<\/p>\n<p><input class=\"wpcf7-form-control wpcf7-submit has-spinner\" type=\"submit\" value=\"Envoyer\" \/>\n<\/p><div class=\"wpcf7-response-output\" aria-hidden=\"true\"><\/div>\n<\/form>\n<\/div>\n\n<\/div><\/section><br \/>\n\n<style type=\"text\/css\" data-created_by=\"avia_inline_auto\" id=\"style-css-av-lfmdh2xw-b313ff469dff83ebfd14c0b7e63081c5\">\n#top .av_textblock_section.av-lfmdh2xw-b313ff469dff83ebfd14c0b7e63081c5 .avia_textblock{\nfont-size:11px;\n}\n<\/style>\n<section  class='av_textblock_section av-lfmdh2xw-b313ff469dff83ebfd14c0b7e63081c5'  itemscope=\"itemscope\" itemtype=\"https:\/\/schema.org\/CreativeWork\" ><div class='avia_textblock'  itemprop=\"text\" ><p>Ce site est prot\u00e9g\u00e9 par reCAPTCHA et les <a href=\"https:\/\/policies.google.com\/privacy\" target=\"_blank\" rel=\"noopener\">r\u00e8gles de confidentialit\u00e9<\/a> et <a href=\"https:\/\/policies.google.com\/terms\" target=\"_blank\" rel=\"noopener\">conditions d&rsquo;utilisation<\/a> de Google s&rsquo;appliquent.<\/p>\n<\/div><\/section><\/p><\/div><\/div><\/div><\/div><!-- close content main div --><\/div><\/div><div id='after_section_2'  class='main_color av_default_container_wrap container_wrap sidebar_right'  ><div class='container av-section-cont-open' ><div class='template-page content  av-content-small alpha units'><div class='post-entry post-entry-type-page post-entry-941'><div class='entry-content-wrapper clearfix'><\/p>\n","protected":false},"excerpt":{"rendered":"","protected":false},"author":1,"featured_media":2508,"parent":0,"menu_order":0,"comment_status":"closed","ping_status":"closed","template":"","meta":{"footnotes":""},"class_list":["post-941","page","type-page","status-publish","has-post-thumbnail","hentry"],"yoast_head":"<!-- This site is optimized with the Yoast SEO plugin v27.4 - https:\/\/yoast.com\/product\/yoast-seo-wordpress\/ -->\n<title>Lorenz Hess - Le Centre<\/title>\n<meta name=\"description\" content=\"Depuis 2011, je m\u2019engage au Conseil national pour une politique bourgeoise ouverte et proche de la population.\" \/>\n<meta name=\"robots\" content=\"index, follow, max-snippet:-1, max-image-preview:large, max-video-preview:-1\" \/>\n<link rel=\"canonical\" href=\"https:\/\/lorenzhess.ch\/fr\/contact\/\" \/>\n<meta property=\"og:locale\" content=\"fr_FR\" \/>\n<meta property=\"og:type\" content=\"article\" \/>\n<meta property=\"og:title\" content=\"Lorenz Hess - Die Mitte\" \/>\n<meta property=\"og:description\" content=\"Penser bourgeois. Agir durablement.\" \/>\n<meta property=\"og:url\" content=\"https:\/\/lorenzhess.ch\/fr\/contact\/\" \/>\n<meta property=\"og:site_name\" content=\"Lorenz Hess - Die Mitte\" \/>\n<meta property=\"article:modified_time\" content=\"2024-04-01T16:49:56+00:00\" \/>\n<meta property=\"og:image\" content=\"https:\/\/lorenzhess.ch\/wp-content\/uploads\/2023\/04\/LHess_Website_1200x627_FR_RZ.png\" \/>\n\t<meta property=\"og:image:width\" content=\"1200\" \/>\n\t<meta property=\"og:image:height\" content=\"627\" \/>\n\t<meta property=\"og:image:type\" content=\"image\/png\" \/>\n<meta name=\"twitter:card\" content=\"summary_large_image\" \/>\n<meta name=\"twitter:title\" content=\"Lorenz Hess - Die Mitte\" \/>\n<meta name=\"twitter:description\" content=\"Penser bourgeois. Agir durablement.\" \/>\n<meta name=\"twitter:image\" content=\"https:\/\/lorenzhess.ch\/wp-content\/uploads\/2023\/04\/LHess_Website_1200x627_FR_RZ.png\" \/>\n<script type=\"application\/ld+json\" class=\"yoast-schema-graph\">{\"@context\":\"https:\\\/\\\/schema.org\",\"@graph\":[{\"@type\":\"WebPage\",\"@id\":\"https:\\\/\\\/lorenzhess.ch\\\/fr\\\/contact\\\/\",\"url\":\"https:\\\/\\\/lorenzhess.ch\\\/fr\\\/contact\\\/\",\"name\":\"Lorenz Hess - Le Centre\",\"isPartOf\":{\"@id\":\"https:\\\/\\\/lorenzhess.ch\\\/fr\\\/#website\"},\"primaryImageOfPage\":{\"@id\":\"https:\\\/\\\/lorenzhess.ch\\\/fr\\\/contact\\\/#primaryimage\"},\"image\":{\"@id\":\"https:\\\/\\\/lorenzhess.ch\\\/fr\\\/contact\\\/#primaryimage\"},\"thumbnailUrl\":\"https:\\\/\\\/lorenzhess.ch\\\/wp-content\\\/uploads\\\/2023\\\/04\\\/LHess_Website_1200x627_FR_RZ.png\",\"datePublished\":\"2023-01-30T10:22:04+00:00\",\"dateModified\":\"2024-04-01T16:49:56+00:00\",\"description\":\"Depuis 2011, je m\u2019engage au Conseil national pour une politique bourgeoise ouverte et proche de la population.\",\"breadcrumb\":{\"@id\":\"https:\\\/\\\/lorenzhess.ch\\\/fr\\\/contact\\\/#breadcrumb\"},\"inLanguage\":\"fr-FR\",\"potentialAction\":[{\"@type\":\"ReadAction\",\"target\":[\"https:\\\/\\\/lorenzhess.ch\\\/fr\\\/contact\\\/\"]}]},{\"@type\":\"ImageObject\",\"inLanguage\":\"fr-FR\",\"@id\":\"https:\\\/\\\/lorenzhess.ch\\\/fr\\\/contact\\\/#primaryimage\",\"url\":\"https:\\\/\\\/lorenzhess.ch\\\/wp-content\\\/uploads\\\/2023\\\/04\\\/LHess_Website_1200x627_FR_RZ.png\",\"contentUrl\":\"https:\\\/\\\/lorenzhess.ch\\\/wp-content\\\/uploads\\\/2023\\\/04\\\/LHess_Website_1200x627_FR_RZ.png\",\"width\":1200,\"height\":627},{\"@type\":\"BreadcrumbList\",\"@id\":\"https:\\\/\\\/lorenzhess.ch\\\/fr\\\/contact\\\/#breadcrumb\",\"itemListElement\":[{\"@type\":\"ListItem\",\"position\":1,\"name\":\"Home\",\"item\":\"https:\\\/\\\/lorenzhess.ch\\\/fr\\\/\"},{\"@type\":\"ListItem\",\"position\":2,\"name\":\"Contact\"}]},{\"@type\":\"WebSite\",\"@id\":\"https:\\\/\\\/lorenzhess.ch\\\/fr\\\/#website\",\"url\":\"https:\\\/\\\/lorenzhess.ch\\\/fr\\\/\",\"name\":\"Lorenz Hess - Die Mitte\",\"description\":\"B\u00fcrgerlich denken. Nachhaltig handeln.\",\"potentialAction\":[{\"@type\":\"SearchAction\",\"target\":{\"@type\":\"EntryPoint\",\"urlTemplate\":\"https:\\\/\\\/lorenzhess.ch\\\/fr\\\/?s={search_term_string}\"},\"query-input\":{\"@type\":\"PropertyValueSpecification\",\"valueRequired\":true,\"valueName\":\"search_term_string\"}}],\"inLanguage\":\"fr-FR\"}]}<\/script>\n<!-- \/ Yoast SEO plugin. -->","yoast_head_json":{"title":"Lorenz Hess - Le Centre","description":"Depuis 2011, je m\u2019engage au Conseil national pour une politique bourgeoise ouverte et proche de la population.","robots":{"index":"index","follow":"follow","max-snippet":"max-snippet:-1","max-image-preview":"max-image-preview:large","max-video-preview":"max-video-preview:-1"},"canonical":"https:\/\/lorenzhess.ch\/fr\/contact\/","og_locale":"fr_FR","og_type":"article","og_title":"Lorenz Hess - Die Mitte","og_description":"Penser bourgeois. Agir durablement.","og_url":"https:\/\/lorenzhess.ch\/fr\/contact\/","og_site_name":"Lorenz Hess - Die Mitte","article_modified_time":"2024-04-01T16:49:56+00:00","og_image":[{"width":1200,"height":627,"url":"https:\/\/lorenzhess.ch\/wp-content\/uploads\/2023\/04\/LHess_Website_1200x627_FR_RZ.png","type":"image\/png"}],"twitter_card":"summary_large_image","twitter_title":"Lorenz Hess - Die Mitte","twitter_description":"Penser bourgeois. Agir durablement.","twitter_image":"https:\/\/lorenzhess.ch\/wp-content\/uploads\/2023\/04\/LHess_Website_1200x627_FR_RZ.png","schema":{"@context":"https:\/\/schema.org","@graph":[{"@type":"WebPage","@id":"https:\/\/lorenzhess.ch\/fr\/contact\/","url":"https:\/\/lorenzhess.ch\/fr\/contact\/","name":"Lorenz Hess - Le Centre","isPartOf":{"@id":"https:\/\/lorenzhess.ch\/fr\/#website"},"primaryImageOfPage":{"@id":"https:\/\/lorenzhess.ch\/fr\/contact\/#primaryimage"},"image":{"@id":"https:\/\/lorenzhess.ch\/fr\/contact\/#primaryimage"},"thumbnailUrl":"https:\/\/lorenzhess.ch\/wp-content\/uploads\/2023\/04\/LHess_Website_1200x627_FR_RZ.png","datePublished":"2023-01-30T10:22:04+00:00","dateModified":"2024-04-01T16:49:56+00:00","description":"Depuis 2011, je m\u2019engage au Conseil national pour une politique bourgeoise ouverte et proche de la population.","breadcrumb":{"@id":"https:\/\/lorenzhess.ch\/fr\/contact\/#breadcrumb"},"inLanguage":"fr-FR","potentialAction":[{"@type":"ReadAction","target":["https:\/\/lorenzhess.ch\/fr\/contact\/"]}]},{"@type":"ImageObject","inLanguage":"fr-FR","@id":"https:\/\/lorenzhess.ch\/fr\/contact\/#primaryimage","url":"https:\/\/lorenzhess.ch\/wp-content\/uploads\/2023\/04\/LHess_Website_1200x627_FR_RZ.png","contentUrl":"https:\/\/lorenzhess.ch\/wp-content\/uploads\/2023\/04\/LHess_Website_1200x627_FR_RZ.png","width":1200,"height":627},{"@type":"BreadcrumbList","@id":"https:\/\/lorenzhess.ch\/fr\/contact\/#breadcrumb","itemListElement":[{"@type":"ListItem","position":1,"name":"Home","item":"https:\/\/lorenzhess.ch\/fr\/"},{"@type":"ListItem","position":2,"name":"Contact"}]},{"@type":"WebSite","@id":"https:\/\/lorenzhess.ch\/fr\/#website","url":"https:\/\/lorenzhess.ch\/fr\/","name":"Lorenz Hess - Die Mitte","description":"B\u00fcrgerlich denken. Nachhaltig handeln.","potentialAction":[{"@type":"SearchAction","target":{"@type":"EntryPoint","urlTemplate":"https:\/\/lorenzhess.ch\/fr\/?s={search_term_string}"},"query-input":{"@type":"PropertyValueSpecification","valueRequired":true,"valueName":"search_term_string"}}],"inLanguage":"fr-FR"}]}},"_links":{"self":[{"href":"https:\/\/lorenzhess.ch\/fr\/wp-json\/wp\/v2\/pages\/941","targetHints":{"allow":["GET"]}}],"collection":[{"href":"https:\/\/lorenzhess.ch\/fr\/wp-json\/wp\/v2\/pages"}],"about":[{"href":"https:\/\/lorenzhess.ch\/fr\/wp-json\/wp\/v2\/types\/page"}],"author":[{"embeddable":true,"href":"https:\/\/lorenzhess.ch\/fr\/wp-json\/wp\/v2\/users\/1"}],"replies":[{"embeddable":true,"href":"https:\/\/lorenzhess.ch\/fr\/wp-json\/wp\/v2\/comments?post=941"}],"version-history":[{"count":27,"href":"https:\/\/lorenzhess.ch\/fr\/wp-json\/wp\/v2\/pages\/941\/revisions"}],"predecessor-version":[{"id":3509,"href":"https:\/\/lorenzhess.ch\/fr\/wp-json\/wp\/v2\/pages\/941\/revisions\/3509"}],"wp:featuredmedia":[{"embeddable":true,"href":"https:\/\/lorenzhess.ch\/fr\/wp-json\/wp\/v2\/media\/2508"}],"wp:attachment":[{"href":"https:\/\/lorenzhess.ch\/fr\/wp-json\/wp\/v2\/media?parent=941"}],"curies":[{"name":"wp","href":"https:\/\/api.w.org\/{rel}","templated":true}]}}